{"id":10,"date":"2025-03-10T16:19:22","date_gmt":"2025-03-10T15:19:22","guid":{"rendered":"https:\/\/new.lillamai.com\/?page_id=10"},"modified":"2025-04-04T15:18:29","modified_gmt":"2025-04-04T13:18:29","slug":"koszyk","status":"publish","type":"page","link":"https:\/\/testsite.lillamai.com\/?page_id=10","title":{"rendered":"Koszyk"},"content":{"rendered":"\t\t<div data-elementor-type=\"wp-page\" data-elementor-id=\"10\" class=\"elementor elementor-10\" data-elementor-post-type=\"page\">\n\t\t\t\t<div class=\"elementor-element elementor-element-752df6fb e-flex e-con-boxed e-con e-parent\" data-id=\"752df6fb\" data-element_type=\"container\">\n\t\t\t\t\t<div class=\"e-con-inner\">\n\t\t\t\t<div class=\"elementor-element elementor-element-69ca8e99 elementor-widget elementor-widget-text-editor\" data-id=\"69ca8e99\" data-element_type=\"widget\" data-widget_type=\"text-editor.default\">\n\t\t\t\t<div class=\"elementor-widget-container\"><div class=\"woocommerce\">\n<div class=\"woocommerce-notices-wrapper\"><\/div>\n<div class=\"wc-empty-cart-message\">\n<div class=\"cart-empty woocommerce-info\">\n\t\tTw\u00f3j koszyk aktualnie jest pusty.\t<\/div>\n<\/div>\n<\/div><\/div>\n\t\t\t\t<\/div>\n\t\t\t\t\t<\/div>\n\t\t\t\t<\/div>\t\t<\/div>\n\t\t","protected":false},"excerpt":{"rendered":"","protected":false},"author":1,"featured_media":0,"parent":0,"menu_order":0,"comment_status":"closed","ping_status":"closed","template":"","meta":{"_acf_changed":false,"site-sidebar-layout":"default","site-content-layout":"","ast-site-content-layout":"","site-content-style":"default","site-sidebar-style":"default","ast-global-header-display":"","ast-banner-title-visibility":"","ast-main-header-display":"","ast-hfb-above-header-display":"","ast-hfb-below-header-display":"","ast-hfb-mobile-header-display":"","site-post-title":"","ast-breadcrumbs-content":"","ast-featured-img":"","footer-sml-layout":"","theme-transparent-header-meta":"","adv-header-id-meta":"","stick-header-meta":"","header-above-stick-meta":"","header-main-stick-meta":"","header-below-stick-meta":"","astra-migrate-meta-layouts":"default","ast-page-background-enabled":"default","ast-page-background-meta":{"desktop":{"background-color":"var(--ast-global-color-5)","background-image":"","background-repeat":"repeat","background-position":"center center","background-size":"auto","background-attachment":"scroll","background-type":"","background-media":"","overlay-type":"","overlay-color":"","overlay-opacity":"","overlay-gradient":""},"tablet":{"background-color":"","background-image":"","background-repeat":"repeat","background-position":"center center","background-size":"auto","background-attachment":"scroll","background-type":"","background-media":"","overlay-type":"","overlay-color":"","overlay-opacity":"","overlay-gradient":""},"mobile":{"background-color":"","background-image":"","background-repeat":"repeat","background-position":"center center","background-size":"auto","background-attachment":"scroll","background-type":"","background-media":"","overlay-type":"","overlay-color":"","overlay-opacity":"","overlay-gradient":""}},"ast-content-background-meta":{"desktop":{"background-color":"var(--ast-global-color-4)","background-image":"","background-repeat":"repeat","background-position":"center center","background-size":"auto","background-attachment":"scroll","background-type":"","background-media":"","overlay-type":"","overlay-color":"","overlay-opacity":"","overlay-gradient":""},"tablet":{"background-color":"var(--ast-global-color-4)","background-image":"","background-repeat":"repeat","background-position":"center center","background-size":"auto","background-attachment":"scroll","background-type":"","background-media":"","overlay-type":"","overlay-color":"","overlay-opacity":"","overlay-gradient":""},"mobile":{"background-color":"var(--ast-global-color-4)","background-image":"","background-repeat":"repeat","background-position":"center center","background-size":"auto","background-attachment":"scroll","background-type":"","background-media":"","overlay-type":"","overlay-color":"","overlay-opacity":"","overlay-gradient":""}},"footnotes":""},"class_list":["post-10","page","type-page","status-publish","hentry"],"acf":[],"yoast_head":"<!-- This site is optimized with the Yoast SEO plugin v25.0 - https:\/\/yoast.com\/wordpress\/plugins\/seo\/ -->\n<title>Koszyk - Kosmetyki naturalne - LillaMai<\/title>\n<meta name=\"robots\" content=\"index, follow, max-snippet:-1, max-image-preview:large, max-video-preview:-1\" \/>\n<link rel=\"canonical\" href=\"https:\/\/testsite.lillamai.com\/?page_id=10\" \/>\n<meta property=\"og:locale\" content=\"pl_PL\" \/>\n<meta property=\"og:type\" content=\"article\" \/>\n<meta property=\"og:title\" content=\"Koszyk - Kosmetyki naturalne - LillaMai\" \/>\n<meta property=\"og:url\" content=\"https:\/\/testsite.lillamai.com\/?page_id=10\" \/>\n<meta property=\"og:site_name\" content=\"Kosmetyki naturalne - LillaMai\" \/>\n<meta property=\"article:publisher\" content=\"https:\/\/www.facebook.com\/LillaMaikosmetyki\" \/>\n<meta property=\"article:modified_time\" content=\"2025-04-04T13:18:29+00:00\" \/>\n<meta name=\"twitter:card\" content=\"summary_large_image\" \/>\n<script type=\"application\/ld+json\" class=\"yoast-schema-graph\">{\"@context\":\"https:\/\/schema.org\",\"@graph\":[{\"@type\":\"WebPage\",\"@id\":\"https:\/\/testsite.lillamai.com\/?page_id=10\",\"url\":\"https:\/\/testsite.lillamai.com\/?page_id=10\",\"name\":\"Koszyk - Kosmetyki naturalne - LillaMai\",\"isPartOf\":{\"@id\":\"https:\/\/testsite.lillamai.com\/#website\"},\"datePublished\":\"2025-03-10T15:19:22+00:00\",\"dateModified\":\"2025-04-04T13:18:29+00:00\",\"breadcrumb\":{\"@id\":\"https:\/\/testsite.lillamai.com\/?page_id=10#breadcrumb\"},\"inLanguage\":\"pl-PL\",\"potentialAction\":[{\"@type\":\"ReadAction\",\"target\":[\"https:\/\/testsite.lillamai.com\/?page_id=10\"]}]},{\"@type\":\"BreadcrumbList\",\"@id\":\"https:\/\/testsite.lillamai.com\/?page_id=10#breadcrumb\",\"itemListElement\":[{\"@type\":\"ListItem\",\"position\":1,\"name\":\"Strona g\u0142\u00f3wna\",\"item\":\"https:\/\/testsite.lillamai.com\/\"},{\"@type\":\"ListItem\",\"position\":2,\"name\":\"Koszyk\"}]},{\"@type\":\"WebSite\",\"@id\":\"https:\/\/testsite.lillamai.com\/#website\",\"url\":\"https:\/\/testsite.lillamai.com\/\",\"name\":\"Kosmetyki naturalne - LillaMai\",\"description\":\"Kosmetyki LillaMai s\u0105 produkowane w wi\u0119kszo\u015bci z surowc\u00f3w ekologicznych. To oznacza, \u017ce s\u0105 najwy\u017cszej jako\u015bci. U\u017cyte w kosmetykach oleje i mas\u0142a s\u0105 nierafinowane, a hydrolaty nie posiadaj\u0105 konserwant\u00f3w. Nasze ekologiczne kosmetyki produkowane s\u0105 r\u0119cznie, w ma\u0142ych seriach. Dzi\u0119ki temu s\u0105 zawsze \u015bwie\u017ce i maj\u0105 w sobie \u017cyw\u0105 energi\u0119.\",\"potentialAction\":[{\"@type\":\"SearchAction\",\"target\":{\"@type\":\"EntryPoint\",\"urlTemplate\":\"https:\/\/testsite.lillamai.com\/?s={search_term_string}\"},\"query-input\":{\"@type\":\"PropertyValueSpecification\",\"valueRequired\":true,\"valueName\":\"search_term_string\"}}],\"inLanguage\":\"pl-PL\"}]}<\/script>\n<!-- \/ Yoast SEO plugin. -->","yoast_head_json":{"title":"Koszyk - Kosmetyki naturalne - LillaMai","robots":{"index":"index","follow":"follow","max-snippet":"max-snippet:-1","max-image-preview":"max-image-preview:large","max-video-preview":"max-video-preview:-1"},"canonical":"https:\/\/testsite.lillamai.com\/?page_id=10","og_locale":"pl_PL","og_type":"article","og_title":"Koszyk - Kosmetyki naturalne - LillaMai","og_url":"https:\/\/testsite.lillamai.com\/?page_id=10","og_site_name":"Kosmetyki naturalne - LillaMai","article_publisher":"https:\/\/www.facebook.com\/LillaMaikosmetyki","article_modified_time":"2025-04-04T13:18:29+00:00","twitter_card":"summary_large_image","schema":{"@context":"https:\/\/schema.org","@graph":[{"@type":"WebPage","@id":"https:\/\/testsite.lillamai.com\/?page_id=10","url":"https:\/\/testsite.lillamai.com\/?page_id=10","name":"Koszyk - Kosmetyki naturalne - LillaMai","isPartOf":{"@id":"https:\/\/testsite.lillamai.com\/#website"},"datePublished":"2025-03-10T15:19:22+00:00","dateModified":"2025-04-04T13:18:29+00:00","breadcrumb":{"@id":"https:\/\/testsite.lillamai.com\/?page_id=10#breadcrumb"},"inLanguage":"pl-PL","potentialAction":[{"@type":"ReadAction","target":["https:\/\/testsite.lillamai.com\/?page_id=10"]}]},{"@type":"BreadcrumbList","@id":"https:\/\/testsite.lillamai.com\/?page_id=10#breadcrumb","itemListElement":[{"@type":"ListItem","position":1,"name":"Strona g\u0142\u00f3wna","item":"https:\/\/testsite.lillamai.com\/"},{"@type":"ListItem","position":2,"name":"Koszyk"}]},{"@type":"WebSite","@id":"https:\/\/testsite.lillamai.com\/#website","url":"https:\/\/testsite.lillamai.com\/","name":"Kosmetyki naturalne - LillaMai","description":"Kosmetyki LillaMai s\u0105 produkowane w wi\u0119kszo\u015bci z surowc\u00f3w ekologicznych. To oznacza, \u017ce s\u0105 najwy\u017cszej jako\u015bci. U\u017cyte w kosmetykach oleje i mas\u0142a s\u0105 nierafinowane, a hydrolaty nie posiadaj\u0105 konserwant\u00f3w. Nasze ekologiczne kosmetyki produkowane s\u0105 r\u0119cznie, w ma\u0142ych seriach. Dzi\u0119ki temu s\u0105 zawsze \u015bwie\u017ce i maj\u0105 w sobie \u017cyw\u0105 energi\u0119.","potentialAction":[{"@type":"SearchAction","target":{"@type":"EntryPoint","urlTemplate":"https:\/\/testsite.lillamai.com\/?s={search_term_string}"},"query-input":{"@type":"PropertyValueSpecification","valueRequired":true,"valueName":"search_term_string"}}],"inLanguage":"pl-PL"}]}},"_links":{"self":[{"href":"https:\/\/testsite.lillamai.com\/index.php?rest_route=\/wp\/v2\/pages\/10","targetHints":{"allow":["GET"]}}],"collection":[{"href":"https:\/\/testsite.lillamai.com\/index.php?rest_route=\/wp\/v2\/pages"}],"about":[{"href":"https:\/\/testsite.lillamai.com\/index.php?rest_route=\/wp\/v2\/types\/page"}],"author":[{"embeddable":true,"href":"https:\/\/testsite.lillamai.com\/index.php?rest_route=\/wp\/v2\/users\/1"}],"replies":[{"embeddable":true,"href":"https:\/\/testsite.lillamai.com\/index.php?rest_route=%2Fwp%2Fv2%2Fcomments&post=10"}],"version-history":[{"count":54,"href":"https:\/\/testsite.lillamai.com\/index.php?rest_route=\/wp\/v2\/pages\/10\/revisions"}],"predecessor-version":[{"id":2571,"href":"https:\/\/testsite.lillamai.com\/index.php?rest_route=\/wp\/v2\/pages\/10\/revisions\/2571"}],"wp:attachment":[{"href":"https:\/\/testsite.lillamai.com\/index.php?rest_route=%2Fwp%2Fv2%2Fmedia&parent=10"}],"curies":[{"name":"wp","href":"https:\/\/api.w.org\/{rel}","templated":true}]}}